{"id":42,"date":"2022-12-22T16:39:19","date_gmt":"2022-12-22T13:39:19","guid":{"rendered":"https:\/\/ankaratipmd.com.tr\/?page_id=42"},"modified":"2022-12-22T16:47:15","modified_gmt":"2022-12-22T13:47:15","slug":"tuzuk","status":"publish","type":"page","link":"https:\/\/ankaratipmd.com.tr\/index.php\/tuzuk\/","title":{"rendered":"T\u00fcz\u00fck"},"content":{"rendered":"<a href=\"https:\/\/ankaratipmd.com.tr\/wp-content\/uploads\/2022\/12\/Ankara-Tip-Mezunlari-Dernegi-Tuzugu.pdf\" class=\"pdfemb-viewer\" style=\"\" data-width=\"max\" data-height=\"max\" data-toolbar=\"bottom\" data-toolbar-fixed=\"off\">Ankara T\u0131p Mezunlar\u0131 Derne\u011fi T\u00fcz\u00fc\u011f\u00fc<\/a>\n","protected":false},"excerpt":{"rendered":"","protected":false},"author":1,"featured_media":0,"parent":0,"menu_order":0,"comment_status":"closed","ping_status":"closed","template":"","meta":{"footnotes":""},"class_list":["post-42","page","type-page","status-publish","hentry"],"_links":{"self":[{"href":"https:\/\/ankaratipmd.com.tr\/index.php\/wp-json\/wp\/v2\/pages\/42","targetHints":{"allow":["GET"]}}],"collection":[{"href":"https:\/\/ankaratipmd.com.tr\/index.php\/wp-json\/wp\/v2\/pages"}],"about":[{"href":"https:\/\/ankaratipmd.com.tr\/index.php\/wp-json\/wp\/v2\/types\/page"}],"author":[{"embeddable":true,"href":"https:\/\/ankaratipmd.com.tr\/index.php\/wp-json\/wp\/v2\/users\/1"}],"replies":[{"embeddable":true,"href":"https:\/\/ankaratipmd.com.tr\/index.php\/wp-json\/wp\/v2\/comments?post=42"}],"version-history":[{"count":3,"href":"https:\/\/ankaratipmd.com.tr\/index.php\/wp-json\/wp\/v2\/pages\/42\/revisions"}],"predecessor-version":[{"id":55,"href":"https:\/\/ankaratipmd.com.tr\/index.php\/wp-json\/wp\/v2\/pages\/42\/revisions\/55"}],"wp:attachment":[{"href":"https:\/\/ankaratipmd.com.tr\/index.php\/wp-json\/wp\/v2\/media?parent=42"}],"curies":[{"name":"wp","href":"https:\/\/api.w.org\/{rel}","templated":true}]}}